{"id":15,"date":"2023-09-20T02:07:24","date_gmt":"2023-09-20T00:07:24","guid":{"rendered":"http:\/\/actualiza.rikobrand.com\/?page_id=15"},"modified":"2025-06-13T22:27:05","modified_gmt":"2025-06-13T20:27:05","slug":"actualizar-datos-de-cliente","status":"publish","type":"page","link":"https:\/\/actualiza.rikobrand.com\/","title":{"rendered":"Actualizar datos de cliente."},"content":{"rendered":"<p>[et_pb_section fb_built=\u00bb1&#8243; _builder_version=\u00bb4.22.0&#8243; _module_preset=\u00bbdefault\u00bb custom_padding=\u00bb||47px|||\u00bb global_colors_info=\u00bb{}\u00bb][et_pb_row _builder_version=\u00bb4.22.0&#8243; _module_preset=\u00bbdefault\u00bb custom_padding=\u00bb||5px|||\u00bb global_colors_info=\u00bb{}\u00bb][et_pb_column type=\u00bb4_4&#8243; _builder_version=\u00bb4.22.0&#8243; _module_preset=\u00bbdefault\u00bb global_colors_info=\u00bb{}\u00bb][et_pb_heading title=\u00bbBIENVENIDO AL PORTAL DE ACTUALIZACION DE DATOS\u00bb _builder_version=\u00bb4.22.0&#8243; _module_preset=\u00bbdefault\u00bb title_font=\u00bbABeeZee|700|||||||\u00bb title_text_align=\u00bbcenter\u00bb title_text_color=\u00bb#000000&#8243; global_colors_info=\u00bb{}\u00bb][\/et_pb_heading][\/et_pb_column][\/et_pb_row][et_pb_row column_structure=\u00bb1_3,1_3,1_3&#8243; _builder_version=\u00bb4.22.0&#8243; _module_preset=\u00bbdefault\u00bb global_colors_info=\u00bb{}\u00bb][et_pb_column type=\u00bb1_3&#8243; _builder_version=\u00bb4.22.0&#8243; _module_preset=\u00bbdefault\u00bb global_colors_info=\u00bb{}\u00bb][et_pb_text _builder_version=\u00bb4.22.0&#8243; _module_preset=\u00bbdefault\u00bb text_font=\u00bbABeeZee||||||||\u00bb text_text_color=\u00bb#000000&#8243; text_font_size=\u00bb15px\u00bb text_letter_spacing=\u00bb3px\u00bb global_colors_info=\u00bb{}\u00bb]<\/p>\n<p style=\"text-align: left;\">Antes de iniciar, necesitas conocer tu\u00a0<strong>C\u00d3DIGO DE CLIENTE<\/strong>, este lo encontrar\u00e1s en tu <strong>Factura de Consumidor Final (FCF)<\/strong> o <strong>Comprobante de Cr\u00e9dito Fiscal (CCF)<\/strong>, tal como se muestra en la imagen<\/p>\n<p>[\/et_pb_text][\/et_pb_column][et_pb_column type=\u00bb1_3&#8243; _builder_version=\u00bb4.22.0&#8243; _module_preset=\u00bbdefault\u00bb global_colors_info=\u00bb{}\u00bb][et_pb_image src=\u00bbhttps:\/\/actualiza.rikobrand.com\/wp-content\/uploads\/2023\/09\/codigoCliente-e1696373108891.png\u00bb alt=\u00bbBuscar c\u00f3digo de cliente\u00bb title_text=\u00bbbuscarCodigoCliente\u00bb _builder_version=\u00bb4.22.0&#8243; _module_preset=\u00bbdefault\u00bb hover_enabled=\u00bb0&#8243; global_colors_info=\u00bb{}\u00bb sticky_enabled=\u00bb0&#8243;][\/et_pb_image][et_pb_text _builder_version=\u00bb4.22.0&#8243; _module_preset=\u00bbdefault\u00bb global_colors_info=\u00bb{}\u00bb]<\/p>\n<p style=\"text-align: justify;\">Si tienes un CCF o FCF f\u00edsicamente, encontrar\u00e1s tu c\u00f3digo de cliente bajo el logo de Quality Grains.<\/p>\n<p>[\/et_pb_text][\/et_pb_column][et_pb_column type=\u00bb1_3&#8243; _builder_version=\u00bb4.22.0&#8243; _module_preset=\u00bbdefault\u00bb global_colors_info=\u00bb{}\u00bb][et_pb_image src=\u00bbhttps:\/\/actualiza.rikobrand.com\/wp-content\/uploads\/2023\/10\/Cliente-DTE.png\u00bb alt=\u00bbCliente DTE\u00bb title_text=\u00bbCliente DTE\u00bb _builder_version=\u00bb4.22.0&#8243; _module_preset=\u00bbdefault\u00bb hover_enabled=\u00bb0&#8243; global_colors_info=\u00bb{}\u00bb sticky_enabled=\u00bb0&#8243;][\/et_pb_image][et_pb_text _builder_version=\u00bb4.22.0&#8243; _module_preset=\u00bbdefault\u00bb global_colors_info=\u00bb{}\u00bb]<\/p>\n<p style=\"text-align: justify;\">Si ya recibiste un DTE, encontrar\u00e1s el c\u00f3digo de cliente antes de tu nombre, en el apartado <strong>RECEPTOR<\/strong>.<\/p>\n<p>[\/et_pb_text][\/et_pb_column][\/et_pb_row][et_pb_row column_structure=\u00bb1_4,1_2,1_4&#8243; _builder_version=\u00bb4.22.0&#8243; _module_preset=\u00bbdefault\u00bb custom_margin=\u00bb11px|auto|-37px|auto|false|false\u00bb border_radii=\u00bbon|14px|14px|14px|14px\u00bb border_width_all=\u00bb1px\u00bb global_colors_info=\u00bb{}\u00bb][et_pb_column type=\u00bb1_4&#8243; _builder_version=\u00bb4.22.0&#8243; _module_preset=\u00bbdefault\u00bb global_colors_info=\u00bb{}\u00bb][\/et_pb_column][et_pb_column type=\u00bb1_2&#8243; _builder_version=\u00bb4.22.0&#8243; _module_preset=\u00bbdefault\u00bb box_shadow_style=\u00bbpreset1&#8243; global_colors_info=\u00bb{}\u00bb][dvppl_cf7_styler form_bg=\u00bbRGBA(255,255,255,0)\u00bb form_padding=\u00bb8px|0px|0px|0px|false|false\u00bb use_form_button_fullwidth=\u00bbon\u00bb cf7=\u00bb14&#8243; _builder_version=\u00bb4.22.0&#8243; _module_preset=\u00bbdefault\u00bb form_field_font_font=\u00bb|||on|||||\u00bb form_field_font_text_color=\u00bb#000000&#8243; labels_font=\u00bb|700||on|||||\u00bb labels_text_color=\u00bb#000000&#8243; placeholder_font=\u00bb|||on|||||\u00bb min_height=\u00bb805.4px\u00bb custom_padding=\u00bb|10px||10px|false|false\u00bb border_radii_field=\u00bbon|10px|10px|10px|10px\u00bb global_colors_info=\u00bb{}\u00bb][\/dvppl_cf7_styler][\/et_pb_column][et_pb_column type=\u00bb1_4&#8243; _builder_version=\u00bb4.22.0&#8243; _module_preset=\u00bbdefault\u00bb global_colors_info=\u00bb{}\u00bb][\/et_pb_column][\/et_pb_row][\/et_pb_section]<\/p>\n","protected":false},"excerpt":{"rendered":"<p>Antes de iniciar, necesitas conocer tu\u00a0C\u00d3DIGO DE CLIENTE, este lo encontrar\u00e1s en tu Factura de Consumidor Final (FCF) o Comprobante de Cr\u00e9dito Fiscal (CCF), tal como se muestra en la imagenSi tienes un CCF o FCF f\u00edsicamente, encontrar\u00e1s tu c\u00f3digo de cliente bajo el logo de Quality Grains.Si ya recibiste un DTE, encontrar\u00e1s el c\u00f3digo [&hellip;]<\/p>\n","protected":false},"author":1,"featured_media":0,"parent":0,"menu_order":0,"comment_status":"closed","ping_status":"closed","template":"","meta":{"_et_pb_use_builder":"on","_et_pb_old_content":"","_et_gb_content_width":"","footnotes":""},"_links":{"self":[{"href":"https:\/\/actualiza.rikobrand.com\/index.php\/wp-json\/wp\/v2\/pages\/15"}],"collection":[{"href":"https:\/\/actualiza.rikobrand.com\/index.php\/wp-json\/wp\/v2\/pages"}],"about":[{"href":"https:\/\/actualiza.rikobrand.com\/index.php\/wp-json\/wp\/v2\/types\/page"}],"author":[{"embeddable":true,"href":"https:\/\/actualiza.rikobrand.com\/index.php\/wp-json\/wp\/v2\/users\/1"}],"replies":[{"embeddable":true,"href":"https:\/\/actualiza.rikobrand.com\/index.php\/wp-json\/wp\/v2\/comments?post=15"}],"version-history":[{"count":17,"href":"https:\/\/actualiza.rikobrand.com\/index.php\/wp-json\/wp\/v2\/pages\/15\/revisions"}],"predecessor-version":[{"id":76,"href":"https:\/\/actualiza.rikobrand.com\/index.php\/wp-json\/wp\/v2\/pages\/15\/revisions\/76"}],"wp:attachment":[{"href":"https:\/\/actualiza.rikobrand.com\/index.php\/wp-json\/wp\/v2\/media?parent=15"}],"curies":[{"name":"wp","href":"https:\/\/api.w.org\/{rel}","templated":true}]}}